{"id":1175,"date":"2022-09-06T14:38:20","date_gmt":"2022-09-06T14:38:20","guid":{"rendered":"https:\/\/boogle.localisy.dev\/vente\/"},"modified":"2023-02-03T09:31:17","modified_gmt":"2023-02-03T09:31:17","slug":"verkauf","status":"publish","type":"page","link":"https:\/\/boogle.eu\/de\/verkauf\/","title":{"rendered":"Verkauf Grundst\u00fcck"},"content":{"rendered":"","protected":false},"excerpt":{"rendered":"","protected":false},"author":1,"featured_media":332,"parent":0,"menu_order":0,"comment_status":"closed","ping_status":"closed","template":"single-service.php","meta":{"_acf_changed":false,"footnotes":""},"categories":[31],"class_list":["post-1175","page","type-page","status-publish","has-post-thumbnail","hentry","category-services-de"],"acf":[],"yoast_head":"<!-- This site is optimized with the Yoast SEO plugin v25.5 - https:\/\/yoast.com\/wordpress\/plugins\/seo\/ -->\n<title>Installer un terrain de p\u00e9tanque chez soi<\/title>\n<meta name=\"description\" content=\"Vous r\u00eavez de profiter toute l\u2019ann\u00e9e d\u2019un terrain de p\u00e9tanque dans votre entreprise ou tout autre lieu ? C\u2019est possible gr\u00e2ce aux terrains de p\u00e9tanque Boogle. D\u00e9couvrez vite les points forts de nos produits.\" \/>\n<meta name=\"robots\" content=\"index, follow, max-snippet:-1, max-image-preview:large, max-video-preview:-1\" \/>\n<link rel=\"canonical\" href=\"https:\/\/boogle.eu\/de\/verkauf\/\" \/>\n<meta property=\"og:locale\" content=\"de_DE\" \/>\n<meta property=\"og:type\" content=\"article\" \/>\n<meta property=\"og:title\" content=\"Installer un terrain de p\u00e9tanque chez soi\" \/>\n<meta property=\"og:description\" content=\"Vous r\u00eavez de profiter toute l\u2019ann\u00e9e d\u2019un terrain de p\u00e9tanque dans votre entreprise ou tout autre lieu ? C\u2019est possible gr\u00e2ce aux terrains de p\u00e9tanque Boogle. D\u00e9couvrez vite les points forts de nos produits.\" \/>\n<meta property=\"og:url\" content=\"https:\/\/boogle.eu\/de\/verkauf\/\" \/>\n<meta property=\"og:site_name\" content=\"Boogle\" \/>\n<meta property=\"article:modified_time\" content=\"2023-02-03T09:31:17+00:00\" \/>\n<meta property=\"og:image\" content=\"https:\/\/boogle.eu\/wp-content\/uploads\/2022\/09\/277104977_760597065344697_3630814380867640477_n.jpg\" \/>\n\t<meta property=\"og:image:width\" content=\"1536\" \/>\n\t<meta property=\"og:image:height\" content=\"2048\" \/>\n\t<meta property=\"og:image:type\" content=\"image\/jpeg\" \/>\n<meta name=\"twitter:card\" content=\"summary_large_image\" \/>\n<script type=\"application\/ld+json\" class=\"yoast-schema-graph\">{\"@context\":\"https:\/\/schema.org\",\"@graph\":[{\"@type\":\"WebPage\",\"@id\":\"https:\/\/boogle.eu\/de\/verkauf\/\",\"url\":\"https:\/\/boogle.eu\/de\/verkauf\/\",\"name\":\"Installer un terrain de p\u00e9tanque chez soi\",\"isPartOf\":{\"@id\":\"https:\/\/boogle.eu\/de\/#website\"},\"primaryImageOfPage\":{\"@id\":\"https:\/\/boogle.eu\/de\/verkauf\/#primaryimage\"},\"image\":{\"@id\":\"https:\/\/boogle.eu\/de\/verkauf\/#primaryimage\"},\"thumbnailUrl\":\"https:\/\/boogle.eu\/wp-content\/uploads\/2022\/09\/277104977_760597065344697_3630814380867640477_n.jpg\",\"datePublished\":\"2022-09-06T14:38:20+00:00\",\"dateModified\":\"2023-02-03T09:31:17+00:00\",\"description\":\"Vous r\u00eavez de profiter toute l\u2019ann\u00e9e d\u2019un terrain de p\u00e9tanque dans votre entreprise ou tout autre lieu ? C\u2019est possible gr\u00e2ce aux terrains de p\u00e9tanque Boogle. D\u00e9couvrez vite les points forts de nos produits.\",\"breadcrumb\":{\"@id\":\"https:\/\/boogle.eu\/de\/verkauf\/#breadcrumb\"},\"inLanguage\":\"de\",\"potentialAction\":[{\"@type\":\"ReadAction\",\"target\":[\"https:\/\/boogle.eu\/de\/verkauf\/\"]}]},{\"@type\":\"ImageObject\",\"inLanguage\":\"de\",\"@id\":\"https:\/\/boogle.eu\/de\/verkauf\/#primaryimage\",\"url\":\"https:\/\/boogle.eu\/wp-content\/uploads\/2022\/09\/277104977_760597065344697_3630814380867640477_n.jpg\",\"contentUrl\":\"https:\/\/boogle.eu\/wp-content\/uploads\/2022\/09\/277104977_760597065344697_3630814380867640477_n.jpg\",\"width\":1536,\"height\":2048},{\"@type\":\"BreadcrumbList\",\"@id\":\"https:\/\/boogle.eu\/de\/verkauf\/#breadcrumb\",\"itemListElement\":[{\"@type\":\"ListItem\",\"position\":1,\"name\":\"Home\",\"item\":\"https:\/\/boogle.eu\/de\/\"},{\"@type\":\"ListItem\",\"position\":2,\"name\":\"Verkauf Grundst\u00fcck\"}]},{\"@type\":\"WebSite\",\"@id\":\"https:\/\/boogle.eu\/de\/#website\",\"url\":\"https:\/\/boogle.eu\/de\/\",\"name\":\"Boogle\",\"description\":\"Terrains de p\u00e9tanque\",\"potentialAction\":[{\"@type\":\"SearchAction\",\"target\":{\"@type\":\"EntryPoint\",\"urlTemplate\":\"https:\/\/boogle.eu\/de\/?s={search_term_string}\"},\"query-input\":{\"@type\":\"PropertyValueSpecification\",\"valueRequired\":true,\"valueName\":\"search_term_string\"}}],\"inLanguage\":\"de\"}]}<\/script>\n<!-- \/ Yoast SEO plugin. -->","yoast_head_json":{"title":"Installer un terrain de p\u00e9tanque chez soi","description":"Vous r\u00eavez de profiter toute l\u2019ann\u00e9e d\u2019un terrain de p\u00e9tanque dans votre entreprise ou tout autre lieu ? C\u2019est possible gr\u00e2ce aux terrains de p\u00e9tanque Boogle. D\u00e9couvrez vite les points forts de nos produits.","robots":{"index":"index","follow":"follow","max-snippet":"max-snippet:-1","max-image-preview":"max-image-preview:large","max-video-preview":"max-video-preview:-1"},"canonical":"https:\/\/boogle.eu\/de\/verkauf\/","og_locale":"de_DE","og_type":"article","og_title":"Installer un terrain de p\u00e9tanque chez soi","og_description":"Vous r\u00eavez de profiter toute l\u2019ann\u00e9e d\u2019un terrain de p\u00e9tanque dans votre entreprise ou tout autre lieu ? C\u2019est possible gr\u00e2ce aux terrains de p\u00e9tanque Boogle. D\u00e9couvrez vite les points forts de nos produits.","og_url":"https:\/\/boogle.eu\/de\/verkauf\/","og_site_name":"Boogle","article_modified_time":"2023-02-03T09:31:17+00:00","og_image":[{"width":1536,"height":2048,"url":"https:\/\/boogle.eu\/wp-content\/uploads\/2022\/09\/277104977_760597065344697_3630814380867640477_n.jpg","type":"image\/jpeg"}],"twitter_card":"summary_large_image","schema":{"@context":"https:\/\/schema.org","@graph":[{"@type":"WebPage","@id":"https:\/\/boogle.eu\/de\/verkauf\/","url":"https:\/\/boogle.eu\/de\/verkauf\/","name":"Installer un terrain de p\u00e9tanque chez soi","isPartOf":{"@id":"https:\/\/boogle.eu\/de\/#website"},"primaryImageOfPage":{"@id":"https:\/\/boogle.eu\/de\/verkauf\/#primaryimage"},"image":{"@id":"https:\/\/boogle.eu\/de\/verkauf\/#primaryimage"},"thumbnailUrl":"https:\/\/boogle.eu\/wp-content\/uploads\/2022\/09\/277104977_760597065344697_3630814380867640477_n.jpg","datePublished":"2022-09-06T14:38:20+00:00","dateModified":"2023-02-03T09:31:17+00:00","description":"Vous r\u00eavez de profiter toute l\u2019ann\u00e9e d\u2019un terrain de p\u00e9tanque dans votre entreprise ou tout autre lieu ? C\u2019est possible gr\u00e2ce aux terrains de p\u00e9tanque Boogle. D\u00e9couvrez vite les points forts de nos produits.","breadcrumb":{"@id":"https:\/\/boogle.eu\/de\/verkauf\/#breadcrumb"},"inLanguage":"de","potentialAction":[{"@type":"ReadAction","target":["https:\/\/boogle.eu\/de\/verkauf\/"]}]},{"@type":"ImageObject","inLanguage":"de","@id":"https:\/\/boogle.eu\/de\/verkauf\/#primaryimage","url":"https:\/\/boogle.eu\/wp-content\/uploads\/2022\/09\/277104977_760597065344697_3630814380867640477_n.jpg","contentUrl":"https:\/\/boogle.eu\/wp-content\/uploads\/2022\/09\/277104977_760597065344697_3630814380867640477_n.jpg","width":1536,"height":2048},{"@type":"BreadcrumbList","@id":"https:\/\/boogle.eu\/de\/verkauf\/#breadcrumb","itemListElement":[{"@type":"ListItem","position":1,"name":"Home","item":"https:\/\/boogle.eu\/de\/"},{"@type":"ListItem","position":2,"name":"Verkauf Grundst\u00fcck"}]},{"@type":"WebSite","@id":"https:\/\/boogle.eu\/de\/#website","url":"https:\/\/boogle.eu\/de\/","name":"Boogle","description":"Terrains de p\u00e9tanque","potentialAction":[{"@type":"SearchAction","target":{"@type":"EntryPoint","urlTemplate":"https:\/\/boogle.eu\/de\/?s={search_term_string}"},"query-input":{"@type":"PropertyValueSpecification","valueRequired":true,"valueName":"search_term_string"}}],"inLanguage":"de"}]}},"_links":{"self":[{"href":"https:\/\/boogle.eu\/de\/wp-json\/wp\/v2\/pages\/1175","targetHints":{"allow":["GET"]}}],"collection":[{"href":"https:\/\/boogle.eu\/de\/wp-json\/wp\/v2\/pages"}],"about":[{"href":"https:\/\/boogle.eu\/de\/wp-json\/wp\/v2\/types\/page"}],"author":[{"embeddable":true,"href":"https:\/\/boogle.eu\/de\/wp-json\/wp\/v2\/users\/1"}],"replies":[{"embeddable":true,"href":"https:\/\/boogle.eu\/de\/wp-json\/wp\/v2\/comments?post=1175"}],"version-history":[{"count":2,"href":"https:\/\/boogle.eu\/de\/wp-json\/wp\/v2\/pages\/1175\/revisions"}],"predecessor-version":[{"id":1177,"href":"https:\/\/boogle.eu\/de\/wp-json\/wp\/v2\/pages\/1175\/revisions\/1177"}],"wp:featuredmedia":[{"embeddable":true,"href":"https:\/\/boogle.eu\/de\/wp-json\/wp\/v2\/media\/332"}],"wp:attachment":[{"href":"https:\/\/boogle.eu\/de\/wp-json\/wp\/v2\/media?parent=1175"}],"wp:term":[{"taxonomy":"category","embeddable":true,"href":"https:\/\/boogle.eu\/de\/wp-json\/wp\/v2\/categories?post=1175"}],"curies":[{"name":"wp","href":"https:\/\/api.w.org\/{rel}","templated":true}]}}