{"id":676,"date":"2022-09-06T14:38:28","date_gmt":"2022-09-06T14:38:28","guid":{"rendered":"https:\/\/boogle.localisy.dev\/house\/"},"modified":"2023-04-14T08:21:03","modified_gmt":"2023-04-14T08:21:03","slug":"house","status":"publish","type":"page","link":"https:\/\/boogle.eu\/nl\/house\/","title":{"rendered":"Boogle House"},"content":{"rendered":"","protected":false},"excerpt":{"rendered":"","protected":false},"author":1,"featured_media":318,"parent":0,"menu_order":0,"comment_status":"closed","ping_status":"closed","template":"boogle.php","meta":{"_acf_changed":false,"footnotes":""},"categories":[29],"class_list":["post-676","page","type-page","status-publish","has-post-thumbnail","hentry","category-services-nl"],"acf":[],"yoast_head":"<!-- This site is optimized with the Yoast SEO plugin v25.5 - https:\/\/yoast.com\/wordpress\/plugins\/seo\/ -->\n<title>\u00c0 la recherche d\u2019une salle \u00e0 louer pour vos \u00e9v\u00e9nements, teambuildings ou s\u00e9minaires ? La Boogle House est l\u2019endroit id\u00e9al en Province de Li\u00e8ge<\/title>\n<meta name=\"description\" content=\"D\u00e9couvrez un espace de r\u00e9ception unique au c\u0153ur du Pays de Herve : une maison r\u00e9nov\u00e9e avec go\u00fbt qui met \u00e0 disposition ses terrains de p\u00e9tanque pour animer vos \u00e9v\u00e9nements priv\u00e9s ou professionnels.\" \/>\n<meta name=\"robots\" content=\"index, follow, max-snippet:-1, max-image-preview:large, max-video-preview:-1\" \/>\n<link rel=\"canonical\" href=\"https:\/\/boogle.eu\/nl\/house\/\" \/>\n<meta property=\"og:locale\" content=\"nl_NL\" \/>\n<meta property=\"og:type\" content=\"article\" \/>\n<meta property=\"og:title\" content=\"\u00c0 la recherche d\u2019une salle \u00e0 louer pour vos \u00e9v\u00e9nements, teambuildings ou s\u00e9minaires ? La Boogle House est l\u2019endroit id\u00e9al en Province de Li\u00e8ge\" \/>\n<meta property=\"og:description\" content=\"D\u00e9couvrez un espace de r\u00e9ception unique au c\u0153ur du Pays de Herve : une maison r\u00e9nov\u00e9e avec go\u00fbt qui met \u00e0 disposition ses terrains de p\u00e9tanque pour animer vos \u00e9v\u00e9nements priv\u00e9s ou professionnels.\" \/>\n<meta property=\"og:url\" content=\"https:\/\/boogle.eu\/nl\/house\/\" \/>\n<meta property=\"og:site_name\" content=\"Boogle\" \/>\n<meta property=\"article:modified_time\" content=\"2023-04-14T08:21:03+00:00\" \/>\n<meta property=\"og:image\" content=\"https:\/\/boogle.eu\/wp-content\/uploads\/2022\/09\/274333676_102648239034918_8105844961535101875_n.jpg\" \/>\n\t<meta property=\"og:image:width\" content=\"745\" \/>\n\t<meta property=\"og:image:height\" content=\"1067\" \/>\n\t<meta property=\"og:image:type\" content=\"image\/jpeg\" \/>\n<meta name=\"twitter:card\" content=\"summary_large_image\" \/>\n<script type=\"application\/ld+json\" class=\"yoast-schema-graph\">{\"@context\":\"https:\/\/schema.org\",\"@graph\":[{\"@type\":\"WebPage\",\"@id\":\"https:\/\/boogle.eu\/nl\/house\/\",\"url\":\"https:\/\/boogle.eu\/nl\/house\/\",\"name\":\"\u00c0 la recherche d\u2019une salle \u00e0 louer pour vos \u00e9v\u00e9nements, teambuildings ou s\u00e9minaires ? La Boogle House est l\u2019endroit id\u00e9al en Province de Li\u00e8ge\",\"isPartOf\":{\"@id\":\"https:\/\/boogle.eu\/nl\/#website\"},\"primaryImageOfPage\":{\"@id\":\"https:\/\/boogle.eu\/nl\/house\/#primaryimage\"},\"image\":{\"@id\":\"https:\/\/boogle.eu\/nl\/house\/#primaryimage\"},\"thumbnailUrl\":\"https:\/\/boogle.eu\/wp-content\/uploads\/2022\/09\/274333676_102648239034918_8105844961535101875_n.jpg\",\"datePublished\":\"2022-09-06T14:38:28+00:00\",\"dateModified\":\"2023-04-14T08:21:03+00:00\",\"description\":\"D\u00e9couvrez un espace de r\u00e9ception unique au c\u0153ur du Pays de Herve : une maison r\u00e9nov\u00e9e avec go\u00fbt qui met \u00e0 disposition ses terrains de p\u00e9tanque pour animer vos \u00e9v\u00e9nements priv\u00e9s ou professionnels.\",\"breadcrumb\":{\"@id\":\"https:\/\/boogle.eu\/nl\/house\/#breadcrumb\"},\"inLanguage\":\"nl-NL\",\"potentialAction\":[{\"@type\":\"ReadAction\",\"target\":[\"https:\/\/boogle.eu\/nl\/house\/\"]}]},{\"@type\":\"ImageObject\",\"inLanguage\":\"nl-NL\",\"@id\":\"https:\/\/boogle.eu\/nl\/house\/#primaryimage\",\"url\":\"https:\/\/boogle.eu\/wp-content\/uploads\/2022\/09\/274333676_102648239034918_8105844961535101875_n.jpg\",\"contentUrl\":\"https:\/\/boogle.eu\/wp-content\/uploads\/2022\/09\/274333676_102648239034918_8105844961535101875_n.jpg\",\"width\":745,\"height\":1067},{\"@type\":\"BreadcrumbList\",\"@id\":\"https:\/\/boogle.eu\/nl\/house\/#breadcrumb\",\"itemListElement\":[{\"@type\":\"ListItem\",\"position\":1,\"name\":\"Home\",\"item\":\"https:\/\/boogle.eu\/nl\/\"},{\"@type\":\"ListItem\",\"position\":2,\"name\":\"Boogle House\"}]},{\"@type\":\"WebSite\",\"@id\":\"https:\/\/boogle.eu\/nl\/#website\",\"url\":\"https:\/\/boogle.eu\/nl\/\",\"name\":\"Boogle\",\"description\":\"Terrains de p\u00e9tanque\",\"potentialAction\":[{\"@type\":\"SearchAction\",\"target\":{\"@type\":\"EntryPoint\",\"urlTemplate\":\"https:\/\/boogle.eu\/nl\/?s={search_term_string}\"},\"query-input\":{\"@type\":\"PropertyValueSpecification\",\"valueRequired\":true,\"valueName\":\"search_term_string\"}}],\"inLanguage\":\"nl-NL\"}]}<\/script>\n<!-- \/ Yoast SEO plugin. -->","yoast_head_json":{"title":"\u00c0 la recherche d\u2019une salle \u00e0 louer pour vos \u00e9v\u00e9nements, teambuildings ou s\u00e9minaires ? La Boogle House est l\u2019endroit id\u00e9al en Province de Li\u00e8ge","description":"D\u00e9couvrez un espace de r\u00e9ception unique au c\u0153ur du Pays de Herve : une maison r\u00e9nov\u00e9e avec go\u00fbt qui met \u00e0 disposition ses terrains de p\u00e9tanque pour animer vos \u00e9v\u00e9nements priv\u00e9s ou professionnels.","robots":{"index":"index","follow":"follow","max-snippet":"max-snippet:-1","max-image-preview":"max-image-preview:large","max-video-preview":"max-video-preview:-1"},"canonical":"https:\/\/boogle.eu\/nl\/house\/","og_locale":"nl_NL","og_type":"article","og_title":"\u00c0 la recherche d\u2019une salle \u00e0 louer pour vos \u00e9v\u00e9nements, teambuildings ou s\u00e9minaires ? La Boogle House est l\u2019endroit id\u00e9al en Province de Li\u00e8ge","og_description":"D\u00e9couvrez un espace de r\u00e9ception unique au c\u0153ur du Pays de Herve : une maison r\u00e9nov\u00e9e avec go\u00fbt qui met \u00e0 disposition ses terrains de p\u00e9tanque pour animer vos \u00e9v\u00e9nements priv\u00e9s ou professionnels.","og_url":"https:\/\/boogle.eu\/nl\/house\/","og_site_name":"Boogle","article_modified_time":"2023-04-14T08:21:03+00:00","og_image":[{"width":745,"height":1067,"url":"https:\/\/boogle.eu\/wp-content\/uploads\/2022\/09\/274333676_102648239034918_8105844961535101875_n.jpg","type":"image\/jpeg"}],"twitter_card":"summary_large_image","schema":{"@context":"https:\/\/schema.org","@graph":[{"@type":"WebPage","@id":"https:\/\/boogle.eu\/nl\/house\/","url":"https:\/\/boogle.eu\/nl\/house\/","name":"\u00c0 la recherche d\u2019une salle \u00e0 louer pour vos \u00e9v\u00e9nements, teambuildings ou s\u00e9minaires ? La Boogle House est l\u2019endroit id\u00e9al en Province de Li\u00e8ge","isPartOf":{"@id":"https:\/\/boogle.eu\/nl\/#website"},"primaryImageOfPage":{"@id":"https:\/\/boogle.eu\/nl\/house\/#primaryimage"},"image":{"@id":"https:\/\/boogle.eu\/nl\/house\/#primaryimage"},"thumbnailUrl":"https:\/\/boogle.eu\/wp-content\/uploads\/2022\/09\/274333676_102648239034918_8105844961535101875_n.jpg","datePublished":"2022-09-06T14:38:28+00:00","dateModified":"2023-04-14T08:21:03+00:00","description":"D\u00e9couvrez un espace de r\u00e9ception unique au c\u0153ur du Pays de Herve : une maison r\u00e9nov\u00e9e avec go\u00fbt qui met \u00e0 disposition ses terrains de p\u00e9tanque pour animer vos \u00e9v\u00e9nements priv\u00e9s ou professionnels.","breadcrumb":{"@id":"https:\/\/boogle.eu\/nl\/house\/#breadcrumb"},"inLanguage":"nl-NL","potentialAction":[{"@type":"ReadAction","target":["https:\/\/boogle.eu\/nl\/house\/"]}]},{"@type":"ImageObject","inLanguage":"nl-NL","@id":"https:\/\/boogle.eu\/nl\/house\/#primaryimage","url":"https:\/\/boogle.eu\/wp-content\/uploads\/2022\/09\/274333676_102648239034918_8105844961535101875_n.jpg","contentUrl":"https:\/\/boogle.eu\/wp-content\/uploads\/2022\/09\/274333676_102648239034918_8105844961535101875_n.jpg","width":745,"height":1067},{"@type":"BreadcrumbList","@id":"https:\/\/boogle.eu\/nl\/house\/#breadcrumb","itemListElement":[{"@type":"ListItem","position":1,"name":"Home","item":"https:\/\/boogle.eu\/nl\/"},{"@type":"ListItem","position":2,"name":"Boogle House"}]},{"@type":"WebSite","@id":"https:\/\/boogle.eu\/nl\/#website","url":"https:\/\/boogle.eu\/nl\/","name":"Boogle","description":"Terrains de p\u00e9tanque","potentialAction":[{"@type":"SearchAction","target":{"@type":"EntryPoint","urlTemplate":"https:\/\/boogle.eu\/nl\/?s={search_term_string}"},"query-input":{"@type":"PropertyValueSpecification","valueRequired":true,"valueName":"search_term_string"}}],"inLanguage":"nl-NL"}]}},"_links":{"self":[{"href":"https:\/\/boogle.eu\/nl\/wp-json\/wp\/v2\/pages\/676","targetHints":{"allow":["GET"]}}],"collection":[{"href":"https:\/\/boogle.eu\/nl\/wp-json\/wp\/v2\/pages"}],"about":[{"href":"https:\/\/boogle.eu\/nl\/wp-json\/wp\/v2\/types\/page"}],"author":[{"embeddable":true,"href":"https:\/\/boogle.eu\/nl\/wp-json\/wp\/v2\/users\/1"}],"replies":[{"embeddable":true,"href":"https:\/\/boogle.eu\/nl\/wp-json\/wp\/v2\/comments?post=676"}],"version-history":[{"count":2,"href":"https:\/\/boogle.eu\/nl\/wp-json\/wp\/v2\/pages\/676\/revisions"}],"predecessor-version":[{"id":1325,"href":"https:\/\/boogle.eu\/nl\/wp-json\/wp\/v2\/pages\/676\/revisions\/1325"}],"wp:featuredmedia":[{"embeddable":true,"href":"https:\/\/boogle.eu\/nl\/wp-json\/wp\/v2\/media\/318"}],"wp:attachment":[{"href":"https:\/\/boogle.eu\/nl\/wp-json\/wp\/v2\/media?parent=676"}],"wp:term":[{"taxonomy":"category","embeddable":true,"href":"https:\/\/boogle.eu\/nl\/wp-json\/wp\/v2\/categories?post=676"}],"curies":[{"name":"wp","href":"https:\/\/api.w.org\/{rel}","templated":true}]}}