{"id":927,"date":"2022-10-19T07:37:02","date_gmt":"2022-10-19T07:37:02","guid":{"rendered":"https:\/\/boogle.localisy.dev\/blog\/"},"modified":"2023-01-19T14:28:11","modified_gmt":"2023-01-19T14:28:11","slug":"blog","status":"publish","type":"page","link":"https:\/\/boogle.eu\/nl\/blog\/","title":{"rendered":"Blog"},"content":{"rendered":"<p>L\u2019histoire et le monde de la p\u00e9tanque n\u2019aura bient\u00f4t plus de secret pour vous. D\u00e9couvrez notre blog enti\u00e8rement consacr\u00e9 \u00e0 la p\u00e9tanque, ses r\u00e8gles du jeu, son histoire et ses r\u00e9cits in\u00e9dits<\/p>\n","protected":false},"excerpt":{"rendered":"<p>L\u2019histoire et le monde de la p\u00e9tanque n\u2019aura bient\u00f4t plus de secret pour vous. D\u00e9couvrez notre blog enti\u00e8rement consacr\u00e9 \u00e0 la p\u00e9tanque, ses r\u00e8gles du jeu, son histoire et ses r\u00e9cits in\u00e9dits<\/p>\n","protected":false},"author":1,"featured_media":0,"parent":0,"menu_order":0,"comment_status":"closed","ping_status":"closed","template":"blog.php","meta":{"_acf_changed":false,"footnotes":""},"categories":[],"class_list":["post-927","page","type-page","status-publish","hentry"],"acf":[],"yoast_head":"<!-- This site is optimized with the Yoast SEO plugin v25.5 - https:\/\/yoast.com\/wordpress\/plugins\/seo\/ -->\n<title>Le monde de la p\u00e9tanque vous est inconnu ? Apprenez-en plus sur ce c\u00e9l\u00e8bre jeu de boules<\/title>\n<meta name=\"description\" content=\"Le monde de la p\u00e9tanque n\u2019aura bient\u00f4t plus de secret pour vous. D\u00e9couvrez notre blog enti\u00e8rement consacr\u00e9 \u00e0 la p\u00e9tanque, ses r\u00e8gles du jeu, son histoire et ses r\u00e9cits in\u00e9dits\" \/>\n<meta name=\"robots\" content=\"index, follow, max-snippet:-1, max-image-preview:large, max-video-preview:-1\" \/>\n<link rel=\"canonical\" href=\"https:\/\/boogle.eu\/nl\/blog\/\" \/>\n<meta property=\"og:locale\" content=\"nl_NL\" \/>\n<meta property=\"og:type\" content=\"article\" \/>\n<meta property=\"og:title\" content=\"Le monde de la p\u00e9tanque vous est inconnu ? Apprenez-en plus sur ce c\u00e9l\u00e8bre jeu de boules\" \/>\n<meta property=\"og:description\" content=\"Le monde de la p\u00e9tanque n\u2019aura bient\u00f4t plus de secret pour vous. D\u00e9couvrez notre blog enti\u00e8rement consacr\u00e9 \u00e0 la p\u00e9tanque, ses r\u00e8gles du jeu, son histoire et ses r\u00e9cits in\u00e9dits\" \/>\n<meta property=\"og:url\" content=\"https:\/\/boogle.eu\/nl\/blog\/\" \/>\n<meta property=\"og:site_name\" content=\"Boogle\" \/>\n<meta property=\"article:modified_time\" content=\"2023-01-19T14:28:11+00:00\" \/>\n<meta name=\"twitter:card\" content=\"summary_large_image\" \/>\n<meta name=\"twitter:label1\" content=\"Geschatte leestijd\" \/>\n\t<meta name=\"twitter:data1\" content=\"1 minuut\" \/>\n<script type=\"application\/ld+json\" class=\"yoast-schema-graph\">{\"@context\":\"https:\/\/schema.org\",\"@graph\":[{\"@type\":\"WebPage\",\"@id\":\"https:\/\/boogle.eu\/nl\/blog\/\",\"url\":\"https:\/\/boogle.eu\/nl\/blog\/\",\"name\":\"Le monde de la p\u00e9tanque vous est inconnu ? Apprenez-en plus sur ce c\u00e9l\u00e8bre jeu de boules\",\"isPartOf\":{\"@id\":\"https:\/\/boogle.eu\/nl\/#website\"},\"datePublished\":\"2022-10-19T07:37:02+00:00\",\"dateModified\":\"2023-01-19T14:28:11+00:00\",\"description\":\"Le monde de la p\u00e9tanque n\u2019aura bient\u00f4t plus de secret pour vous. D\u00e9couvrez notre blog enti\u00e8rement consacr\u00e9 \u00e0 la p\u00e9tanque, ses r\u00e8gles du jeu, son histoire et ses r\u00e9cits in\u00e9dits\",\"breadcrumb\":{\"@id\":\"https:\/\/boogle.eu\/nl\/blog\/#breadcrumb\"},\"inLanguage\":\"nl-NL\",\"potentialAction\":[{\"@type\":\"ReadAction\",\"target\":[\"https:\/\/boogle.eu\/nl\/blog\/\"]}]},{\"@type\":\"BreadcrumbList\",\"@id\":\"https:\/\/boogle.eu\/nl\/blog\/#breadcrumb\",\"itemListElement\":[{\"@type\":\"ListItem\",\"position\":1,\"name\":\"Home\",\"item\":\"https:\/\/boogle.eu\/nl\/\"},{\"@type\":\"ListItem\",\"position\":2,\"name\":\"Blog\"}]},{\"@type\":\"WebSite\",\"@id\":\"https:\/\/boogle.eu\/nl\/#website\",\"url\":\"https:\/\/boogle.eu\/nl\/\",\"name\":\"Boogle\",\"description\":\"Terrains de p\u00e9tanque\",\"potentialAction\":[{\"@type\":\"SearchAction\",\"target\":{\"@type\":\"EntryPoint\",\"urlTemplate\":\"https:\/\/boogle.eu\/nl\/?s={search_term_string}\"},\"query-input\":{\"@type\":\"PropertyValueSpecification\",\"valueRequired\":true,\"valueName\":\"search_term_string\"}}],\"inLanguage\":\"nl-NL\"}]}<\/script>\n<!-- \/ Yoast SEO plugin. -->","yoast_head_json":{"title":"Le monde de la p\u00e9tanque vous est inconnu ? Apprenez-en plus sur ce c\u00e9l\u00e8bre jeu de boules","description":"Le monde de la p\u00e9tanque n\u2019aura bient\u00f4t plus de secret pour vous. D\u00e9couvrez notre blog enti\u00e8rement consacr\u00e9 \u00e0 la p\u00e9tanque, ses r\u00e8gles du jeu, son histoire et ses r\u00e9cits in\u00e9dits","robots":{"index":"index","follow":"follow","max-snippet":"max-snippet:-1","max-image-preview":"max-image-preview:large","max-video-preview":"max-video-preview:-1"},"canonical":"https:\/\/boogle.eu\/nl\/blog\/","og_locale":"nl_NL","og_type":"article","og_title":"Le monde de la p\u00e9tanque vous est inconnu ? Apprenez-en plus sur ce c\u00e9l\u00e8bre jeu de boules","og_description":"Le monde de la p\u00e9tanque n\u2019aura bient\u00f4t plus de secret pour vous. D\u00e9couvrez notre blog enti\u00e8rement consacr\u00e9 \u00e0 la p\u00e9tanque, ses r\u00e8gles du jeu, son histoire et ses r\u00e9cits in\u00e9dits","og_url":"https:\/\/boogle.eu\/nl\/blog\/","og_site_name":"Boogle","article_modified_time":"2023-01-19T14:28:11+00:00","twitter_card":"summary_large_image","twitter_misc":{"Geschatte leestijd":"1 minuut"},"schema":{"@context":"https:\/\/schema.org","@graph":[{"@type":"WebPage","@id":"https:\/\/boogle.eu\/nl\/blog\/","url":"https:\/\/boogle.eu\/nl\/blog\/","name":"Le monde de la p\u00e9tanque vous est inconnu ? Apprenez-en plus sur ce c\u00e9l\u00e8bre jeu de boules","isPartOf":{"@id":"https:\/\/boogle.eu\/nl\/#website"},"datePublished":"2022-10-19T07:37:02+00:00","dateModified":"2023-01-19T14:28:11+00:00","description":"Le monde de la p\u00e9tanque n\u2019aura bient\u00f4t plus de secret pour vous. D\u00e9couvrez notre blog enti\u00e8rement consacr\u00e9 \u00e0 la p\u00e9tanque, ses r\u00e8gles du jeu, son histoire et ses r\u00e9cits in\u00e9dits","breadcrumb":{"@id":"https:\/\/boogle.eu\/nl\/blog\/#breadcrumb"},"inLanguage":"nl-NL","potentialAction":[{"@type":"ReadAction","target":["https:\/\/boogle.eu\/nl\/blog\/"]}]},{"@type":"BreadcrumbList","@id":"https:\/\/boogle.eu\/nl\/blog\/#breadcrumb","itemListElement":[{"@type":"ListItem","position":1,"name":"Home","item":"https:\/\/boogle.eu\/nl\/"},{"@type":"ListItem","position":2,"name":"Blog"}]},{"@type":"WebSite","@id":"https:\/\/boogle.eu\/nl\/#website","url":"https:\/\/boogle.eu\/nl\/","name":"Boogle","description":"Terrains de p\u00e9tanque","potentialAction":[{"@type":"SearchAction","target":{"@type":"EntryPoint","urlTemplate":"https:\/\/boogle.eu\/nl\/?s={search_term_string}"},"query-input":{"@type":"PropertyValueSpecification","valueRequired":true,"valueName":"search_term_string"}}],"inLanguage":"nl-NL"}]}},"_links":{"self":[{"href":"https:\/\/boogle.eu\/nl\/wp-json\/wp\/v2\/pages\/927","targetHints":{"allow":["GET"]}}],"collection":[{"href":"https:\/\/boogle.eu\/nl\/wp-json\/wp\/v2\/pages"}],"about":[{"href":"https:\/\/boogle.eu\/nl\/wp-json\/wp\/v2\/types\/page"}],"author":[{"embeddable":true,"href":"https:\/\/boogle.eu\/nl\/wp-json\/wp\/v2\/users\/1"}],"replies":[{"embeddable":true,"href":"https:\/\/boogle.eu\/nl\/wp-json\/wp\/v2\/comments?post=927"}],"version-history":[{"count":1,"href":"https:\/\/boogle.eu\/nl\/wp-json\/wp\/v2\/pages\/927\/revisions"}],"predecessor-version":[{"id":942,"href":"https:\/\/boogle.eu\/nl\/wp-json\/wp\/v2\/pages\/927\/revisions\/942"}],"wp:attachment":[{"href":"https:\/\/boogle.eu\/nl\/wp-json\/wp\/v2\/media?parent=927"}],"wp:term":[{"taxonomy":"category","embeddable":true,"href":"https:\/\/boogle.eu\/nl\/wp-json\/wp\/v2\/categories?post=927"}],"curies":[{"name":"wp","href":"https:\/\/api.w.org\/{rel}","templated":true}]}}