{"id":930,"date":"2022-10-17T07:02:51","date_gmt":"2022-10-17T07:02:51","guid":{"rendered":"https:\/\/boogle.localisy.dev\/conditions-generales\/"},"modified":"2023-01-19T14:18:45","modified_gmt":"2023-01-19T14:18:45","slug":"conditions-generales","status":"publish","type":"page","link":"https:\/\/boogle.eu\/nl\/conditions-generales\/","title":{"rendered":"Conditions g\u00e9n\u00e9rales"},"content":{"rendered":"<h2>G\u00c9NERALIT\u00c9S<\/h2>\n<p>La soci\u00e9t\u00e9 responsable de l\u2019offre est\u00a0<strong><u>BOOGLE Srl<\/u><\/strong>, une soci\u00e9t\u00e9 de droit belge ayant son si\u00e8ge social Avenue Reine Astrid 7 \u00e0 4650 Herve en Belgique. TVA BE0754 502 622<\/p>\n<p>Les ventes effectu\u00e9es sont soumises aux conditions g\u00e9n\u00e9rales suivantes auxquelles l\u2019acheteur d\u00e9clare adh\u00e9rer sans restriction ni r\u00e9serves d\u00e8s qu\u2019il adresse \u00e0\u00a0<strong><u>BOOGLE Srl<\/u><\/strong>\u00a0un bon de commande complet accompagn\u00e9 du paiement.<\/p>\n<p>Ces conditions g\u00e9n\u00e9rales de vente pr\u00e9cisent notamment les conditions de commande, de paiement, de livraison et de gestion des \u00e9ventuels retours des produits command\u00e9s par les acheteurs.<\/p>\n<p>L\u2019acheteur peut consulter simplement, librement et \u00e0 tout moment ces conditions g\u00e9n\u00e9rales de vente en cliquant sur le page du site \u201cConditions g\u00e9n\u00e9rales de vente\u201d. Ainsi, toute commande de produit pass\u00e9e par un acheteur impliquera l\u2019accord d\u00e9finitif et irr\u00e9vocable du client sur l\u2019ensemble de ces conditions.<\/p>\n<p>Conform\u00e9ment aux dispositions du RGPD, vous disposez d\u2019un droit d\u2019acc\u00e8s et de rectification des donn\u00e9es vous concernant. Ces donn\u00e9es ne peuvent faire l\u2019objet d\u2019un traitement ou d\u2019une communication \u00e0 des tiers, qu\u2019en respect des dispositions applicables. Pour toute demande ou question \u00e0 ce sujet, adressez-nous une communication sur notre site ou aupr\u00e8s de notre si\u00e8ge social.<\/p>\n<h3>ARTICLE 1 \u2013 PRIX<\/h3>\n<h4>1.1 Affichage du prix<\/h4>\n<p>Les prix de nos produits sont indiqu\u00e9s en euros toutes taxes comprises hors participation aux frais de traitement et d\u2019exp\u00e9dition (voir Livraison et retour factur\u00e9s en sus).<\/p>\n<h4>1.2 Localisation<\/h4>\n<p>En cas de commande vers un pays autre que l\u2019union europ\u00e9enne l\u2019acheteur est r\u00e9put\u00e9 importateur du ou des produits concern\u00e9 et les produits sont vendus par la soci\u00e9t\u00e9\u00a0<strong><u>BOOGLE Srl<\/u><\/strong>, situ\u00e9e Avenue Reine Astrid 9 \u00e0 4650 Herve en Belgique.<\/p>\n<h4>1.3 Devise<\/h4>\n<p>Toutes les commandes quelle que soit leur origine sont payables en Euros.<\/p>\n<h4>1.4 Modification des prix<\/h4>\n<p><strong><u>BOOGLE Srl<\/u><\/strong>, se r\u00e9serve le droit de modifier ses prix \u00e0 tout moment mais les produits seront factur\u00e9s sur la base des tarifs en vigueur au moment de l\u2019enregistrement des commandes (en cas de commandes par internet) ou de r\u00e9ception du moyen de paiement (en cas de commandes par courrier postal) sous r\u00e9serve de disponibilit\u00e9 \u00e0 cette date.<\/p>\n<h4>1.5 Clause de r\u00e9serve de propri\u00e9t\u00e9<\/h4>\n<p>Les produits demeurent la propri\u00e9t\u00e9 de la soci\u00e9t\u00e9\u00a0<strong><u>BOOGLE Srl<\/u><\/strong>, jusqu\u2019\u00e0 l\u2019encaissement complet du prix.<\/p>\n<h3>ARTICLE 2 \u2013 COMMANDE<\/h3>\n<ul>\n<li>Par internet : contact@boogle.eu<\/li>\n<li>Par courrier : sur papier libre, indiquez lisiblement votre nom, pr\u00e9nom, adresse compl\u00e8te et t\u00e9l\u00e9phone.<\/li>\n<\/ul>\n<p>Les informations contractuelles sont pr\u00e9sent\u00e9es en langue fran\u00e7aise et feront l\u2019objet d\u2019une confirmation reprenant ces informations contractuelles au plus tard au moment de la livraison.\u00a0<strong><u>BOOGLE Srl<\/u><\/strong>, se r\u00e9serve le droit d\u2019annuler ou de refuser toute commande d\u2019un client avec lequel il existerait un litige relatif au paiement d\u2019une commande ant\u00e9rieure.<\/p>\n<p>Toute commande pass\u00e9e aupr\u00e8s de\u00a0<strong><u>BOOGLE Srl<\/u><\/strong>, sera confirm\u00e9e \u00e0 l\u2019acheteur avec l\u2019envoi d\u2019une confirmation de commande dans les meilleurs d\u00e9lais par e-mail, si celui-ci a \u00e9t\u00e9 mentionn\u00e9 correctement par l\u2019acheteur dans la saisie de ses coordonn\u00e9es.<\/p>\n<h3>ARTICLE 3 \u2013 VALIDATION<\/h3>\n<p>Vous d\u00e9clarez avoir pris connaissance et accept\u00e9 les pr\u00e9sentes Conditions G\u00e9n\u00e9rales de Vente avant la passation de votre commande. La validation de votre commande vaut donc acceptation de ces Conditions G\u00e9n\u00e9rales de Vente.<\/p>\n<h3>ARTICLE 4 \u2013 DISPONIBILIT\u00c9<\/h3>\n<p>Nos offres de produits et prix sont valables tant qu\u2019ils sont visibles sur le site, dans la limite des stocks disponibles. Pour les produits non stock\u00e9s dans nos entrep\u00f4ts, nos offres sont valables sous r\u00e9serve de disponibilit\u00e9 chez nos fournisseurs. Dans ce cadre, des indications sur la disponibilit\u00e9 des produits vous sont fournies au moment de la passation de votre commande. Dans l\u2019\u00e9ventualit\u00e9 d\u2019une indisponibilit\u00e9 de produit apr\u00e8s passation de votre commande nous vous en informerons par mail ou par courrier dans un d\u00e9lai maximum de 5 jours ouvr\u00e9s. Vous aurez la possibilit\u00e9 de demander l\u2019annulation de votre commande ou l\u2019\u00e9change du ou des produits manquants.<\/p>\n<h3>ARTICLE 5 \u2013 LIVRAISON<\/h3>\n<h4>5.1 G\u00e9n\u00e9ralit\u00e9s<\/h4>\n<p>Les produits sont livr\u00e9s \u00e0 l\u2019adresse de livraison indiqu\u00e9e par l\u2019acheteur lors du processus de commande.<\/p>\n<p>Les d\u00e9lais indiqu\u00e9s correspondent aux d\u00e9lais de traitement et de livraison et sont indiqu\u00e9s sur le bon de commande.\u00a0<strong><u>BOOGLE Srl<\/u><\/strong>, se r\u00e9serve toutefois la possibilit\u00e9 de fractionner les livraisons sans co\u00fbt suppl\u00e9mentaire pour le client.<\/p>\n<p>Les frais de livraison sont \u00e0 charge de l\u2019acheteur et sont factur\u00e9s en suppl\u00e9ment du prix de vente des produits. Les frais de livraison sont variables en fonction de la zone g\u00e9ographique de livraison.<\/p>\n<p>La confirmation d\u2019accord de paiement de la commande par l\u2019acheteur implique que ce dernier accepte de payer les frais de livraison aff\u00e9rents. Les frais de livraison ne peuvent donc constituer une raison valable de remise en cause de la commande apr\u00e8s son enregistrement d\u00e9finitif.<\/p>\n<p>En cas de paiement par carte bancaire, les d\u00e9lais de livraison sont indiqu\u00e9s et correspondent aux d\u00e9lais de traitement et de livraison. En cas de paiement par virement bancaire, la commande ne sera trait\u00e9e qu\u2019\u00e0 r\u00e9ception du paiement.<\/p>\n<p>En cas de non-r\u00e9ception du ch\u00e8que ou du virement dans les 30 jours de la commande.<\/p>\n<h4>5.2 \u2013 Conformit\u00e9 des produits<\/h4>\n<p>Nous nous engageons \u00e0 vous rembourser ou \u00e0 vous \u00e9changer les produits ne correspondant pas \u00e0 votre commande. La demande doit \u00eatre effectu\u00e9e dans les quinze jours ouvr\u00e9s suivant la fin du d\u00e9lai l\u00e9gal de r\u00e9tractation de 14 jours. Toute r\u00e9clamation formul\u00e9e hors de ce d\u00e9lai ne pourra \u00eatre accept\u00e9e. Les produits doivent nous \u00eatre renvoy\u00e9s dans l\u2019\u00e9tat dans lequel vous les avez re\u00e7us avec l\u2019ensemble des \u00e9l\u00e9ments livr\u00e9s (accessoires, emballage, notice\u2026). Les frais d\u2019envoi vous seront rembours\u00e9s sur la base du tarif factur\u00e9.<\/p>\n<p>En tout \u00e9tat de cause vous b\u00e9n\u00e9ficiez des dispositions de la garantie l\u00e9gale notamment celles relatives \u00e0 la garantie des vices cach\u00e9s. Les dispositions de cet article ne vous emp\u00eachent pas de b\u00e9n\u00e9ficier du droit de r\u00e9tractation pr\u00e9vu \u00e0 l\u2019article 8.<\/p>\n<h3>ARTICLE 6 \u2013 PAIEMENT<\/h3>\n<p>L\u2019acheteur peut passer commande aupr\u00e8s de\u00a0<strong><u>BOOGLE Srl<\/u><\/strong>,<\/p>\n<ul>\n<li>Soit par virement bancaire : voir modalit\u00e9s sur le site lors du paiement.<\/li>\n<li>Soit par carte bancaire en remplissant un bon de commande, puis en payant au moyen de sa carte bancaire via une transaction s\u00e9curis\u00e9e.<\/li>\n<\/ul>\n<h3>ARTICLE 7 \u2013 REMBOURSEMENT<\/h3>\n<p>Les remboursements des produits dans les hypoth\u00e8ses vis\u00e9es aux articles 5 et 8 seront effectu\u00e9s dans un d\u00e9lai inf\u00e9rieur ou \u00e9gal \u00e0 30 jours apr\u00e8s la r\u00e9ception des produits par nos soins.<\/p>\n<p>Le remboursement s\u2019effectuera par virement bancaire au nom du client ayant pass\u00e9 la commande et \u00e0 l\u2019adresse de facturation. Aucun envoi en contre-remboursement ne sera accept\u00e9 quel qu\u2019en soit le motif.<\/p>\n<p>Les articles personnalis\u00e9s ne sont ni repris, ni \u00e9chang\u00e9s.<\/p>\n<h3>ARTICLE 8 \u2013 D\u00c9LAI DE R\u00c9TRACTATION<\/h3>\n<p>Vous disposez d\u2019un d\u00e9lai de 14 jours \u00e0 compter de la r\u00e9ception des articles pour retourner le produit qui ne vous conviendrait pas, complet (accessoires, notice\u2026) sans avoir \u00e0 justifier de motifs ni \u00e0 payer de p\u00e9nalit\u00e9s. En cas de mise en \u0153uvre de ce droit, l\u2019ensemble des sommes vers\u00e9es seront rembours\u00e9es int\u00e9gralement par tout moyen de paiement. Les frais de retour seront \u00e0 la charge du client.<\/p>\n<p>Les articles personnalis\u00e9s ne sont ni repris, ni \u00e9chang\u00e9s, ils ne sont d\u00e8s lors pas soumis au d\u00e9lai de r\u00e9tractation<\/p>\n<p>Retournez d\u00e8s que possible, et au plus tard dans les 14 jours apr\u00e8s leur r\u00e9ception, les articles dans leur emballage d\u2019origine.<\/p>\n<p>Renvoyez le produit avec suivi de colis et accus\u00e9 de r\u00e9ception.<\/p>\n<p>Joignez absolument le bon de commande correspondant aux articles renvoy\u00e9s.<\/p>\n<p><strong>IMPORTANT\u00a0<\/strong>:<\/p>\n<ul>\n<li>Pas d\u2019\u00e9change ni de remboursement pour les produits personnalis\u00e9s.<\/li>\n<li>Pour tout article retourn\u00e9 avec le motif \u201cd\u00e9fectueux\u201d, pr\u00e9cisez sur courrier s\u00e9par\u00e9, la nature du d\u00e9faut constat\u00e9.<\/li>\n<\/ul>\n<p>Les retours sont \u00e0 effectuer \u00e0 :<\/p>\n<p><strong>BOOGLE Srl<\/strong><br \/>\nAvenue Reine Astrid 7<br \/>\nB-4650 Herve<br \/>\nBelgique<\/p>\n<h3>ARTICLE 9 \u2013 DROIT DE R\u00c9TRACTATION<\/h3>\n<p>Conform\u00e9ment \u00e0 la r\u00e9glementation europ\u00e9enne, et dans la mesure o\u00f9 les transactions rev\u00eatent la qualification de vente \u00e0 distance, le Client dispose d\u2019un droit de r\u00e9tractation de quatorze (14) jours ouvrables pour tout contrat conclu \u00e0 distance sans avoir \u00e0 justifier de motifs ni payer de p\u00e9nalit\u00e9s \u00e0 l\u2019exception des frais de retour. Ce d\u00e9lai court \u00e0 compter du jour de la r\u00e9ception pour les biens.<\/p>\n<p>Le Client souhaitant se r\u00e9tracter, avant la fin de ce d\u00e9lai peut envoyer un courriel au service client (<a href=\"mailto:contact@boogle.eu\">contact@boogle.eu<\/a>), ou par courrier adress\u00e9 au service client\u00e8le, dont les coordonn\u00e9es figurent sous l\u2019article 10 des pr\u00e9sentes, le cachet de la Poste faisant foi.<\/p>\n<p>Le client sera rembours\u00e9 de l\u2019int\u00e9gralit\u00e9 des sommes vers\u00e9es. Seuls restent \u00e0 sa charge les frais de retour des biens faisant l\u2019objet de cette r\u00e9tractation.<\/p>\n<h3>ARTICLE 10 \u2013 SERVICE CLIENTELE<\/h3>\n<p>Pour toute information ou question, notre service Client\u00e8le est \u00e0 votre disposition : de pr\u00e9f\u00e9rence par mail (<a href=\"mailto:contact@boogle.eu\">contact@boogle.eu<\/a>) ou par t\u00e9l\u00e9phone :\u00a0<a href=\"tel:+32475435629\">+32 475 435 629<\/a>\u00a0ou\u00a0<a href=\"tel:+32479620612\">+32 479 620 612<\/a>\u00a0ou encore par courrier \u00e0 l\u2019adresse suivante :<\/p>\n<p><strong><u>BOOGLE Srl<\/u><\/strong><br \/>\nAvenue Reine Astrid 7<br \/>\nB-4650 Herve<br \/>\nBelgique<\/p>\n<h3>ARTICLE 11 \u2013 PROPRIETE INTELLECTUELLE<\/h3>\n<p>Sauf mention contraire, tous les textes, commentaires, ouvrages, illustrations et images reproduits sur www.boogle.eu sont r\u00e9serv\u00e9s au titre du droit d\u2019auteur ainsi qu\u2019au titre de la propri\u00e9t\u00e9 intellectuelle et pour le monde entier.<\/p>\n<p><strong>Toute reproduction totale ou partielle du site de www.boogle.eu est strictement interdite.<\/strong><\/p>\n<h3>ARTICLE 12 \u2013 RESPONSABILIT\u00c9<\/h3>\n<p>Les produits propos\u00e9s sont conformes \u00e0 la l\u00e9gislation europ\u00e9enne en vigueur. La responsabilit\u00e9 de\u00a0<strong><u>BOOGLE Srl<\/u><\/strong>\u00a0ne saurait \u00eatre engag\u00e9e en cas de non-respect de la l\u00e9gislation du pays o\u00f9 le produit est livr\u00e9 (par exemple en cas d\u2019interdiction d\u2019un produit).<\/p>\n<p>Il vous appartient de v\u00e9rifier aupr\u00e8s des autorit\u00e9s locales les possibilit\u00e9s d\u2019importation ou d\u2019utilisation des produits ou services que vos envisagez de commander.<\/p>\n<h3>ARTICLE 13 \u2013 GARANTIE<\/h3>\n<p>Afin de conna\u00eetre les d\u00e9marches \u00e0 suivre concernant le service apr\u00e8s-vente pour tout probl\u00e8me sur un produit vous pouvez contactez le service Client\u00e8le.<\/p>\n<p>Pour pouvoir b\u00e9n\u00e9ficier de la garantie des produits, il convient imp\u00e9rativement de conserver la facture d\u2019achat du produit.<\/p>\n<p>Les garanties contractuelles ne couvrent pas : l\u2019utilisation anormale des produits.<\/p>\n<p>En tout \u00e9tat de cause vous b\u00e9n\u00e9ficiez des dispositions de la garantie l\u00e9gale notamment celles relatives \u00e0 la garantie des vices cach\u00e9s.<\/p>\n<h3>ARTICLE 14 \u2013 DROIT APPLICABLE \u2013 LITIGES<\/h3>\n<p>Le pr\u00e9sent contrat est soumis \u00e0 la loi belge. La langue du pr\u00e9sent contrat est la langue fran\u00e7aise. La version fran\u00e7aise des pr\u00e9sentes conditions g\u00e9n\u00e9rales de vente sera la seule version faisant foi.<\/p>\n<p>En cas de litige, les Parties conviennent de se rapprocher pour tenter de trouver une solution \u00e0 l\u2019amiable.<\/p>\n<p>En cas d\u2019\u00e9chec, les tribunaux belges seront comp\u00e9tents pour juger de ce litige.<\/p>\n<p>Le Site www.boogle.eu est administr\u00e9 depuis la Belgique et h\u00e9berg\u00e9 sur les serveurs de Gandi SAS au Grand-Duch\u00e9 de Luxembourg.<\/p>\n<p>Les pr\u00e9sentes dispositions ne privent pas les clients habitant hors de la Belgique des r\u00e8gles pr\u00e9vues dans les conventions internationales qui leur sont applicables.<\/p>\n<h3>ARTICLE 15 \u2013 INFORMATIONS NOMINATIVES<\/h3>\n<p>La collecte par\u00a0<strong><u>BOOGLE Srl<\/u><\/strong>\u00a0sur son site des donn\u00e9es personnelles vous concernant est effectu\u00e9e de mani\u00e8re \u00e0 vous proposer un service efficace et personnalis\u00e9.<\/p>\n<p>L\u2019utilisation de vos donn\u00e9es. Outre les informations contenues dans le fichier vous concernant, nous utilisons les informations obtenues sur vous \u00e0 partir de vos activit\u00e9s pr\u00e9sentes et pass\u00e9es sur notre site pour r\u00e9soudre tout litige, pour r\u00e9gler tout probl\u00e8me et faire appliquer nos Conditions G\u00e9n\u00e9rales de Vente.\u00a0<strong><u>BOOGLE Srl<\/u><\/strong>\u00a0ne pourra utiliser vos donn\u00e9es qu\u2019en respect des disposition l\u00e9gales applicables, et notamment du R\u00e8glement G\u00e9n\u00e9ral de Protection de Donn\u00e9es.<\/p>\n<p>Droit d\u2019acc\u00e8s, de rectification, et d\u2019opposition. Les Utilisateurs du Site ayant fourni des informations personnelles par l\u2019interm\u00e9diaire du Site disposent, d\u2019un droit d\u2019acc\u00e8s aux donn\u00e9es qui les concernent, ainsi que d\u2019un droit de modification et de suppression de celles-ci. Il leur suffit, pour exercer ce droit, d\u2019adresser un courrier postal ou un e-mail aux coordonn\u00e9es suivantes\u00a0:<\/p>\n<p><strong><u>BOOGLE Srl<\/u><\/strong><br \/>\nAvenue reine Astrid 7<br \/>\nB-4650 Herve<br \/>\nBelgique<\/p>\n<p>Mail : contact@boogle.eu<\/p>\n<h3>ARTICLE 16 \u2013 MINEURS<\/h3>\n<p>Nous rappelons que les mineurs non \u00e9mancip\u00e9s n\u2019ont pas la capacit\u00e9 de contracter et que la collecte des donn\u00e9es aupr\u00e8s des mineurs de moins de 13 ans doit faire l\u2019objet d\u2019une information de l\u2019autorit\u00e9 parentale sa capacit\u00e9 de s\u2019opposer \u00e0 leur conservation et\/ou \u00e0 la transmission \u00e0 des tiers.<\/p>\n","protected":false},"excerpt":{"rendered":"<p>G\u00c9NERALIT\u00c9S La soci\u00e9t\u00e9 responsable de l\u2019offre est\u00a0BOOGLE Srl, une soci\u00e9t\u00e9 de droit belge ayant son si\u00e8ge social Avenue Reine Astrid 7 \u00e0 4650 Herve en Belgique. TVA BE0754 502 622 Les ventes effectu\u00e9es sont soumises aux conditions g\u00e9n\u00e9rales suivantes auxquelles l\u2019acheteur d\u00e9clare adh\u00e9rer sans restriction ni r\u00e9serves d\u00e8s qu\u2019il adresse \u00e0\u00a0BOOGLE Srl\u00a0un bon de commande [&hellip;]<\/p>\n","protected":false},"author":1,"featured_media":0,"parent":0,"menu_order":0,"comment_status":"closed","ping_status":"closed","template":"page-conditions-generales.php","meta":{"_acf_changed":false,"footnotes":""},"categories":[],"class_list":["post-930","page","type-page","status-publish","hentry"],"acf":[],"yoast_head":"<!-- This site is optimized with the Yoast SEO plugin v25.5 - https:\/\/yoast.com\/wordpress\/plugins\/seo\/ -->\n<title>Conditions g\u00e9n\u00e9rales - Boogle<\/title>\n<meta name=\"robots\" content=\"index, follow, max-snippet:-1, max-image-preview:large, max-video-preview:-1\" \/>\n<link rel=\"canonical\" href=\"https:\/\/boogle.eu\/nl\/conditions-generales\/\" \/>\n<meta property=\"og:locale\" content=\"nl_NL\" \/>\n<meta property=\"og:type\" content=\"article\" \/>\n<meta property=\"og:title\" content=\"Conditions g\u00e9n\u00e9rales - Boogle\" \/>\n<meta property=\"og:description\" content=\"G\u00c9NERALIT\u00c9S La soci\u00e9t\u00e9 responsable de l\u2019offre est\u00a0BOOGLE Srl, une soci\u00e9t\u00e9 de droit belge ayant son si\u00e8ge social Avenue Reine Astrid 7 \u00e0 4650 Herve en Belgique. TVA BE0754 502 622 Les ventes effectu\u00e9es sont soumises aux conditions g\u00e9n\u00e9rales suivantes auxquelles l\u2019acheteur d\u00e9clare adh\u00e9rer sans restriction ni r\u00e9serves d\u00e8s qu\u2019il adresse \u00e0\u00a0BOOGLE Srl\u00a0un bon de commande [&hellip;]\" \/>\n<meta property=\"og:url\" content=\"https:\/\/boogle.eu\/nl\/conditions-generales\/\" \/>\n<meta property=\"og:site_name\" content=\"Boogle\" \/>\n<meta property=\"article:modified_time\" content=\"2023-01-19T14:18:45+00:00\" \/>\n<meta name=\"twitter:card\" content=\"summary_large_image\" \/>\n<meta name=\"twitter:label1\" content=\"Geschatte leestijd\" \/>\n\t<meta name=\"twitter:data1\" content=\"10 minuten\" \/>\n<script type=\"application\/ld+json\" class=\"yoast-schema-graph\">{\"@context\":\"https:\/\/schema.org\",\"@graph\":[{\"@type\":\"WebPage\",\"@id\":\"https:\/\/boogle.eu\/nl\/conditions-generales\/\",\"url\":\"https:\/\/boogle.eu\/nl\/conditions-generales\/\",\"name\":\"Conditions g\u00e9n\u00e9rales - Boogle\",\"isPartOf\":{\"@id\":\"https:\/\/boogle.eu\/nl\/#website\"},\"datePublished\":\"2022-10-17T07:02:51+00:00\",\"dateModified\":\"2023-01-19T14:18:45+00:00\",\"breadcrumb\":{\"@id\":\"https:\/\/boogle.eu\/nl\/conditions-generales\/#breadcrumb\"},\"inLanguage\":\"nl-NL\",\"potentialAction\":[{\"@type\":\"ReadAction\",\"target\":[\"https:\/\/boogle.eu\/nl\/conditions-generales\/\"]}]},{\"@type\":\"BreadcrumbList\",\"@id\":\"https:\/\/boogle.eu\/nl\/conditions-generales\/#breadcrumb\",\"itemListElement\":[{\"@type\":\"ListItem\",\"position\":1,\"name\":\"Home\",\"item\":\"https:\/\/boogle.eu\/nl\/\"},{\"@type\":\"ListItem\",\"position\":2,\"name\":\"Conditions g\u00e9n\u00e9rales\"}]},{\"@type\":\"WebSite\",\"@id\":\"https:\/\/boogle.eu\/nl\/#website\",\"url\":\"https:\/\/boogle.eu\/nl\/\",\"name\":\"Boogle\",\"description\":\"Terrains de p\u00e9tanque\",\"potentialAction\":[{\"@type\":\"SearchAction\",\"target\":{\"@type\":\"EntryPoint\",\"urlTemplate\":\"https:\/\/boogle.eu\/nl\/?s={search_term_string}\"},\"query-input\":{\"@type\":\"PropertyValueSpecification\",\"valueRequired\":true,\"valueName\":\"search_term_string\"}}],\"inLanguage\":\"nl-NL\"}]}<\/script>\n<!-- \/ Yoast SEO plugin. -->","yoast_head_json":{"title":"Conditions g\u00e9n\u00e9rales - Boogle","robots":{"index":"index","follow":"follow","max-snippet":"max-snippet:-1","max-image-preview":"max-image-preview:large","max-video-preview":"max-video-preview:-1"},"canonical":"https:\/\/boogle.eu\/nl\/conditions-generales\/","og_locale":"nl_NL","og_type":"article","og_title":"Conditions g\u00e9n\u00e9rales - Boogle","og_description":"G\u00c9NERALIT\u00c9S La soci\u00e9t\u00e9 responsable de l\u2019offre est\u00a0BOOGLE Srl, une soci\u00e9t\u00e9 de droit belge ayant son si\u00e8ge social Avenue Reine Astrid 7 \u00e0 4650 Herve en Belgique. TVA BE0754 502 622 Les ventes effectu\u00e9es sont soumises aux conditions g\u00e9n\u00e9rales suivantes auxquelles l\u2019acheteur d\u00e9clare adh\u00e9rer sans restriction ni r\u00e9serves d\u00e8s qu\u2019il adresse \u00e0\u00a0BOOGLE Srl\u00a0un bon de commande [&hellip;]","og_url":"https:\/\/boogle.eu\/nl\/conditions-generales\/","og_site_name":"Boogle","article_modified_time":"2023-01-19T14:18:45+00:00","twitter_card":"summary_large_image","twitter_misc":{"Geschatte leestijd":"10 minuten"},"schema":{"@context":"https:\/\/schema.org","@graph":[{"@type":"WebPage","@id":"https:\/\/boogle.eu\/nl\/conditions-generales\/","url":"https:\/\/boogle.eu\/nl\/conditions-generales\/","name":"Conditions g\u00e9n\u00e9rales - Boogle","isPartOf":{"@id":"https:\/\/boogle.eu\/nl\/#website"},"datePublished":"2022-10-17T07:02:51+00:00","dateModified":"2023-01-19T14:18:45+00:00","breadcrumb":{"@id":"https:\/\/boogle.eu\/nl\/conditions-generales\/#breadcrumb"},"inLanguage":"nl-NL","potentialAction":[{"@type":"ReadAction","target":["https:\/\/boogle.eu\/nl\/conditions-generales\/"]}]},{"@type":"BreadcrumbList","@id":"https:\/\/boogle.eu\/nl\/conditions-generales\/#breadcrumb","itemListElement":[{"@type":"ListItem","position":1,"name":"Home","item":"https:\/\/boogle.eu\/nl\/"},{"@type":"ListItem","position":2,"name":"Conditions g\u00e9n\u00e9rales"}]},{"@type":"WebSite","@id":"https:\/\/boogle.eu\/nl\/#website","url":"https:\/\/boogle.eu\/nl\/","name":"Boogle","description":"Terrains de p\u00e9tanque","potentialAction":[{"@type":"SearchAction","target":{"@type":"EntryPoint","urlTemplate":"https:\/\/boogle.eu\/nl\/?s={search_term_string}"},"query-input":{"@type":"PropertyValueSpecification","valueRequired":true,"valueName":"search_term_string"}}],"inLanguage":"nl-NL"}]}},"_links":{"self":[{"href":"https:\/\/boogle.eu\/nl\/wp-json\/wp\/v2\/pages\/930","targetHints":{"allow":["GET"]}}],"collection":[{"href":"https:\/\/boogle.eu\/nl\/wp-json\/wp\/v2\/pages"}],"about":[{"href":"https:\/\/boogle.eu\/nl\/wp-json\/wp\/v2\/types\/page"}],"author":[{"embeddable":true,"href":"https:\/\/boogle.eu\/nl\/wp-json\/wp\/v2\/users\/1"}],"replies":[{"embeddable":true,"href":"https:\/\/boogle.eu\/nl\/wp-json\/wp\/v2\/comments?post=930"}],"version-history":[{"count":1,"href":"https:\/\/boogle.eu\/nl\/wp-json\/wp\/v2\/pages\/930\/revisions"}],"predecessor-version":[{"id":934,"href":"https:\/\/boogle.eu\/nl\/wp-json\/wp\/v2\/pages\/930\/revisions\/934"}],"wp:attachment":[{"href":"https:\/\/boogle.eu\/nl\/wp-json\/wp\/v2\/media?parent=930"}],"wp:term":[{"taxonomy":"category","embeddable":true,"href":"https:\/\/boogle.eu\/nl\/wp-json\/wp\/v2\/categories?post=930"}],"curies":[{"name":"wp","href":"https:\/\/api.w.org\/{rel}","templated":true}]}}